{"id":1973,"date":"2019-11-05T18:19:53","date_gmt":"2019-11-05T18:19:53","guid":{"rendered":"https:\/\/design-ding.de\/?page_id=1973"},"modified":"2019-11-06T11:33:53","modified_gmt":"2019-11-06T11:33:53","slug":"designprojekt","status":"publish","type":"page","link":"https:\/\/design-ding.de\/shop\/designprojekt","title":{"rendered":"Designprojekt"},"content":{"rendered":"<h2>BMW R100S HolzBOXER<\/h2>\n<p>Im design-ding SHOP sind die unterschiedlichsten Artikel aus Holz erh\u00e4ltlich.<\/p>\n<p>Doch nicht jedes Produkt ist f\u00fcr den Verkauf bestimmt. Es gibt auch Projekte, die lediglich den eigenen Horizont erweitern.<\/p>\n<p>Ein solches Projekt war im Jahr 2019 der Umbau einer 40 Jahre alten BMW R100S zum Scrambler.\u00a0Mit pr\u00e4zise angefertigten Teilen aus Holz und Aluminium entstand ein sch\u00f6nes Einzelst\u00fcck mit neuem Charakter.<\/p>\n<p>Gerade dort, wo der Einsatz von Holz nicht erwartet wird, erzielt man oft spektakul\u00e4re Ergebnisse.<\/p>\n<p>&nbsp;<\/p>\n<p><img loading=\"lazy\" decoding=\"async\" class=\"alignnone wp-image-1975 size-medium\" src=\"https:\/\/design-ding.de\/wp-content\/uploads\/2019\/11\/BMW01_instagram_1080-300x300.jpg\" alt=\"\" width=\"300\" height=\"300\" srcset=\"https:\/\/design-ding.de\/wp-content\/uploads\/2019\/11\/BMW01_instagram_1080-300x300.jpg 300w, https:\/\/design-ding.de\/wp-content\/uploads\/2019\/11\/BMW01_instagram_1080-600x600.jpg 600w, https:\/\/design-ding.de\/wp-content\/uploads\/2019\/11\/BMW01_instagram_1080-100x100.jpg 100w, https:\/\/design-ding.de\/wp-content\/uploads\/2019\/11\/BMW01_instagram_1080-150x150.jpg 150w, https:\/\/design-ding.de\/wp-content\/uploads\/2019\/11\/BMW01_instagram_1080-768x768.jpg 768w, https:\/\/design-ding.de\/wp-content\/uploads\/2019\/11\/BMW01_instagram_1080-1024x1024.jpg 1024w, https:\/\/design-ding.de\/wp-content\/uploads\/2019\/11\/BMW01_instagram_1080.jpg 1080w\" sizes=\"auto, (max-width: 300px) 100vw, 300px\" \/><\/p>\n<p><img loading=\"lazy\" decoding=\"async\" class=\"alignnone size-medium wp-image-1980\" src=\"https:\/\/design-ding.de\/wp-content\/uploads\/2019\/11\/BMW06_instagram_1080-300x300.jpg\" alt=\"\" width=\"300\" height=\"300\" srcset=\"https:\/\/design-ding.de\/wp-content\/uploads\/2019\/11\/BMW06_instagram_1080-300x300.jpg 300w, https:\/\/design-ding.de\/wp-content\/uploads\/2019\/11\/BMW06_instagram_1080-600x600.jpg 600w, https:\/\/design-ding.de\/wp-content\/uploads\/2019\/11\/BMW06_instagram_1080-100x100.jpg 100w, https:\/\/design-ding.de\/wp-content\/uploads\/2019\/11\/BMW06_instagram_1080-150x150.jpg 150w, https:\/\/design-ding.de\/wp-content\/uploads\/2019\/11\/BMW06_instagram_1080-768x768.jpg 768w, https:\/\/design-ding.de\/wp-content\/uploads\/2019\/11\/BMW06_instagram_1080-1024x1024.jpg 1024w, https:\/\/design-ding.de\/wp-content\/uploads\/2019\/11\/BMW06_instagram_1080.jpg 1080w\" sizes=\"auto, (max-width: 300px) 100vw, 300px\" \/><\/p>\n<p><img loading=\"lazy\" decoding=\"async\" class=\"alignnone size-medium wp-image-1983\" src=\"https:\/\/design-ding.de\/wp-content\/uploads\/2019\/11\/BMW09_instagram_1080-300x300.jpg\" alt=\"\" width=\"300\" height=\"300\" srcset=\"https:\/\/design-ding.de\/wp-content\/uploads\/2019\/11\/BMW09_instagram_1080-300x300.jpg 300w, https:\/\/design-ding.de\/wp-content\/uploads\/2019\/11\/BMW09_instagram_1080-600x600.jpg 600w, https:\/\/design-ding.de\/wp-content\/uploads\/2019\/11\/BMW09_instagram_1080-100x100.jpg 100w, https:\/\/design-ding.de\/wp-content\/uploads\/2019\/11\/BMW09_instagram_1080-150x150.jpg 150w, https:\/\/design-ding.de\/wp-content\/uploads\/2019\/11\/BMW09_instagram_1080-768x768.jpg 768w, https:\/\/design-ding.de\/wp-content\/uploads\/2019\/11\/BMW09_instagram_1080-1024x1024.jpg 1024w, https:\/\/design-ding.de\/wp-content\/uploads\/2019\/11\/BMW09_instagram_1080.jpg 1080w\" sizes=\"auto, (max-width: 300px) 100vw, 300px\" \/><\/p>\n<p><img loading=\"lazy\" decoding=\"async\" class=\"alignnone size-medium wp-image-1976\" src=\"https:\/\/design-ding.de\/wp-content\/uploads\/2019\/11\/BMW02_instagram_1080-300x300.jpg\" alt=\"\" width=\"300\" height=\"300\" srcset=\"https:\/\/design-ding.de\/wp-content\/uploads\/2019\/11\/BMW02_instagram_1080-300x300.jpg 300w, https:\/\/design-ding.de\/wp-content\/uploads\/2019\/11\/BMW02_instagram_1080-600x600.jpg 600w, https:\/\/design-ding.de\/wp-content\/uploads\/2019\/11\/BMW02_instagram_1080-100x100.jpg 100w, https:\/\/design-ding.de\/wp-content\/uploads\/2019\/11\/BMW02_instagram_1080-150x150.jpg 150w, https:\/\/design-ding.de\/wp-content\/uploads\/2019\/11\/BMW02_instagram_1080-768x768.jpg 768w, https:\/\/design-ding.de\/wp-content\/uploads\/2019\/11\/BMW02_instagram_1080-1024x1024.jpg 1024w, https:\/\/design-ding.de\/wp-content\/uploads\/2019\/11\/BMW02_instagram_1080.jpg 1080w\" sizes=\"auto, (max-width: 300px) 100vw, 300px\" \/><\/p>\n<p>&nbsp;<\/p>\n<p>&nbsp;<\/p>\n<p>&nbsp;<\/p>\n<p><a href=\"\/\/www.pinterest.com\/pin\/create\/button\/\" data-pin-do=\"buttonBookmark\" data-pin-color=\"red\" data-pin-height=\"128\"><img decoding=\"async\" src=\"\/\/assets.pinterest.com\/images\/pidgets\/pinit_fg_en_rect_red_28.png\" \/><\/a><\/p>","protected":false},"excerpt":{"rendered":"<p>BMW R100S HolzBOXER Im design-ding SHOP sind die unterschiedlichsten Artikel aus Holz erh\u00e4ltlich. Doch nicht jedes Produkt ist f\u00fcr den&#8230;<\/p>\n","protected":false},"author":1,"featured_media":0,"parent":0,"menu_order":0,"comment_status":"closed","ping_status":"closed","template":"","meta":{"footnotes":""},"class_list":["post-1973","page","type-page","status-publish","hentry"],"yoast_head":"<!-- This site is optimized with the Yoast SEO plugin v27.4 - https:\/\/yoast.com\/product\/yoast-seo-wordpress\/ -->\n<title>Designprojekt - design-ding.de<\/title>\n<meta name=\"description\" content=\"Umbau BMW R100 S zum Scrambler. Mit pr\u00e4zise angefertigten Teilen aus Holz und Aluminium entstand ein sch\u00f6nes Einzelst\u00fcck mit neuem Charakter.\" \/>\n<meta name=\"robots\" content=\"index, follow, max-snippet:-1, max-image-preview:large, max-video-preview:-1\" \/>\n<link rel=\"canonical\" href=\"https:\/\/design-ding.de\/shop\/designprojekt\" \/>\n<meta property=\"og:locale\" content=\"de_DE\" \/>\n<meta property=\"og:type\" content=\"article\" \/>\n<meta property=\"og:title\" content=\"Designprojekt - design-ding.de\" \/>\n<meta property=\"og:description\" content=\"Umbau BMW R100 S zum Scrambler. Mit pr\u00e4zise angefertigten Teilen aus Holz und Aluminium entstand ein sch\u00f6nes Einzelst\u00fcck mit neuem Charakter.\" \/>\n<meta property=\"og:url\" content=\"https:\/\/design-ding.de\/shop\/designprojekt\" \/>\n<meta property=\"og:site_name\" content=\"design-ding.de\" \/>\n<meta property=\"article:publisher\" content=\"https:\/\/www.facebook.com\/designding1\/\" \/>\n<meta property=\"article:modified_time\" content=\"2019-11-06T11:33:53+00:00\" \/>\n<meta property=\"og:image\" content=\"https:\/\/design-ding.de\/wp-content\/uploads\/2019\/11\/BMW01_instagram_1080-300x300.jpg\" \/>\n<meta name=\"twitter:card\" content=\"summary_large_image\" \/>\n<script type=\"application\/ld+json\" class=\"yoast-schema-graph\">{\"@context\":\"https:\\\/\\\/schema.org\",\"@graph\":[{\"@type\":\"WebPage\",\"@id\":\"https:\\\/\\\/design-ding.de\\\/shop\\\/designprojekt\",\"url\":\"https:\\\/\\\/design-ding.de\\\/shop\\\/designprojekt\",\"name\":\"Designprojekt - design-ding.de\",\"isPartOf\":{\"@id\":\"https:\\\/\\\/design-ding.de\\\/shop\\\/#website\"},\"primaryImageOfPage\":{\"@id\":\"https:\\\/\\\/design-ding.de\\\/shop\\\/designprojekt#primaryimage\"},\"image\":{\"@id\":\"https:\\\/\\\/design-ding.de\\\/shop\\\/designprojekt#primaryimage\"},\"thumbnailUrl\":\"https:\\\/\\\/design-ding.de\\\/wp-content\\\/uploads\\\/2019\\\/11\\\/BMW01_instagram_1080-300x300.jpg\",\"datePublished\":\"2019-11-05T18:19:53+00:00\",\"dateModified\":\"2019-11-06T11:33:53+00:00\",\"description\":\"Umbau BMW R100 S zum Scrambler. Mit pr\u00e4zise angefertigten Teilen aus Holz und Aluminium entstand ein sch\u00f6nes Einzelst\u00fcck mit neuem Charakter.\",\"breadcrumb\":{\"@id\":\"https:\\\/\\\/design-ding.de\\\/shop\\\/designprojekt#breadcrumb\"},\"inLanguage\":\"de\",\"potentialAction\":[{\"@type\":\"ReadAction\",\"target\":[\"https:\\\/\\\/design-ding.de\\\/shop\\\/designprojekt\"]}]},{\"@type\":\"ImageObject\",\"inLanguage\":\"de\",\"@id\":\"https:\\\/\\\/design-ding.de\\\/shop\\\/designprojekt#primaryimage\",\"url\":\"https:\\\/\\\/design-ding.de\\\/wp-content\\\/uploads\\\/2019\\\/11\\\/BMW01_instagram_1080-300x300.jpg\",\"contentUrl\":\"https:\\\/\\\/design-ding.de\\\/wp-content\\\/uploads\\\/2019\\\/11\\\/BMW01_instagram_1080-300x300.jpg\"},{\"@type\":\"BreadcrumbList\",\"@id\":\"https:\\\/\\\/design-ding.de\\\/shop\\\/designprojekt#breadcrumb\",\"itemListElement\":[{\"@type\":\"ListItem\",\"position\":1,\"name\":\"Startseite\",\"item\":\"https:\\\/\\\/design-ding.de\\\/shop\\\/\"},{\"@type\":\"ListItem\",\"position\":2,\"name\":\"Designprojekt\"}]},{\"@type\":\"WebSite\",\"@id\":\"https:\\\/\\\/design-ding.de\\\/shop\\\/#website\",\"url\":\"https:\\\/\\\/design-ding.de\\\/shop\\\/\",\"name\":\"design-ding.de\",\"description\":\"ST\u00dcCK F\u00dcR ST\u00dcCK BESONDERS.\",\"publisher\":{\"@id\":\"https:\\\/\\\/design-ding.de\\\/shop\\\/#organization\"},\"potentialAction\":[{\"@type\":\"SearchAction\",\"target\":{\"@type\":\"EntryPoint\",\"urlTemplate\":\"https:\\\/\\\/design-ding.de\\\/shop\\\/?s={search_term_string}\"},\"query-input\":{\"@type\":\"PropertyValueSpecification\",\"valueRequired\":true,\"valueName\":\"search_term_string\"}}],\"inLanguage\":\"de\"},{\"@type\":\"Organization\",\"@id\":\"https:\\\/\\\/design-ding.de\\\/shop\\\/#organization\",\"name\":\"design-ding SHOP\",\"url\":\"https:\\\/\\\/design-ding.de\\\/shop\\\/\",\"logo\":{\"@type\":\"ImageObject\",\"inLanguage\":\"de\",\"@id\":\"https:\\\/\\\/design-ding.de\\\/shop\\\/#\\\/schema\\\/logo\\\/image\\\/\",\"url\":\"https:\\\/\\\/design-ding.de\\\/wp-content\\\/uploads\\\/2017\\\/07\\\/designdingSHOP_facebook.png\",\"contentUrl\":\"https:\\\/\\\/design-ding.de\\\/wp-content\\\/uploads\\\/2017\\\/07\\\/designdingSHOP_facebook.png\",\"width\":900,\"height\":900,\"caption\":\"design-ding SHOP\"},\"image\":{\"@id\":\"https:\\\/\\\/design-ding.de\\\/shop\\\/#\\\/schema\\\/logo\\\/image\\\/\"},\"sameAs\":[\"https:\\\/\\\/www.facebook.com\\\/designding1\\\/\",\"https:\\\/\\\/www.instagram.com\\\/erikjaegerschreinerei\\\/\",\"https:\\\/\\\/www.pinterest.com\\\/erik_jaeger\"]}]}<\/script>\n<!-- \/ Yoast SEO plugin. -->","yoast_head_json":{"title":"Designprojekt - design-ding.de","description":"Umbau BMW R100 S zum Scrambler. Mit pr\u00e4zise angefertigten Teilen aus Holz und Aluminium entstand ein sch\u00f6nes Einzelst\u00fcck mit neuem Charakter.","robots":{"index":"index","follow":"follow","max-snippet":"max-snippet:-1","max-image-preview":"max-image-preview:large","max-video-preview":"max-video-preview:-1"},"canonical":"https:\/\/design-ding.de\/shop\/designprojekt","og_locale":"de_DE","og_type":"article","og_title":"Designprojekt - design-ding.de","og_description":"Umbau BMW R100 S zum Scrambler. Mit pr\u00e4zise angefertigten Teilen aus Holz und Aluminium entstand ein sch\u00f6nes Einzelst\u00fcck mit neuem Charakter.","og_url":"https:\/\/design-ding.de\/shop\/designprojekt","og_site_name":"design-ding.de","article_publisher":"https:\/\/www.facebook.com\/designding1\/","article_modified_time":"2019-11-06T11:33:53+00:00","og_image":[{"url":"https:\/\/design-ding.de\/wp-content\/uploads\/2019\/11\/BMW01_instagram_1080-300x300.jpg","type":"","width":"","height":""}],"twitter_card":"summary_large_image","schema":{"@context":"https:\/\/schema.org","@graph":[{"@type":"WebPage","@id":"https:\/\/design-ding.de\/shop\/designprojekt","url":"https:\/\/design-ding.de\/shop\/designprojekt","name":"Designprojekt - design-ding.de","isPartOf":{"@id":"https:\/\/design-ding.de\/shop\/#website"},"primaryImageOfPage":{"@id":"https:\/\/design-ding.de\/shop\/designprojekt#primaryimage"},"image":{"@id":"https:\/\/design-ding.de\/shop\/designprojekt#primaryimage"},"thumbnailUrl":"https:\/\/design-ding.de\/wp-content\/uploads\/2019\/11\/BMW01_instagram_1080-300x300.jpg","datePublished":"2019-11-05T18:19:53+00:00","dateModified":"2019-11-06T11:33:53+00:00","description":"Umbau BMW R100 S zum Scrambler. Mit pr\u00e4zise angefertigten Teilen aus Holz und Aluminium entstand ein sch\u00f6nes Einzelst\u00fcck mit neuem Charakter.","breadcrumb":{"@id":"https:\/\/design-ding.de\/shop\/designprojekt#breadcrumb"},"inLanguage":"de","potentialAction":[{"@type":"ReadAction","target":["https:\/\/design-ding.de\/shop\/designprojekt"]}]},{"@type":"ImageObject","inLanguage":"de","@id":"https:\/\/design-ding.de\/shop\/designprojekt#primaryimage","url":"https:\/\/design-ding.de\/wp-content\/uploads\/2019\/11\/BMW01_instagram_1080-300x300.jpg","contentUrl":"https:\/\/design-ding.de\/wp-content\/uploads\/2019\/11\/BMW01_instagram_1080-300x300.jpg"},{"@type":"BreadcrumbList","@id":"https:\/\/design-ding.de\/shop\/designprojekt#breadcrumb","itemListElement":[{"@type":"ListItem","position":1,"name":"Startseite","item":"https:\/\/design-ding.de\/shop\/"},{"@type":"ListItem","position":2,"name":"Designprojekt"}]},{"@type":"WebSite","@id":"https:\/\/design-ding.de\/shop\/#website","url":"https:\/\/design-ding.de\/shop\/","name":"design-ding.de","description":"ST\u00dcCK F\u00dcR ST\u00dcCK BESONDERS.","publisher":{"@id":"https:\/\/design-ding.de\/shop\/#organization"},"potentialAction":[{"@type":"SearchAction","target":{"@type":"EntryPoint","urlTemplate":"https:\/\/design-ding.de\/shop\/?s={search_term_string}"},"query-input":{"@type":"PropertyValueSpecification","valueRequired":true,"valueName":"search_term_string"}}],"inLanguage":"de"},{"@type":"Organization","@id":"https:\/\/design-ding.de\/shop\/#organization","name":"design-ding SHOP","url":"https:\/\/design-ding.de\/shop\/","logo":{"@type":"ImageObject","inLanguage":"de","@id":"https:\/\/design-ding.de\/shop\/#\/schema\/logo\/image\/","url":"https:\/\/design-ding.de\/wp-content\/uploads\/2017\/07\/designdingSHOP_facebook.png","contentUrl":"https:\/\/design-ding.de\/wp-content\/uploads\/2017\/07\/designdingSHOP_facebook.png","width":900,"height":900,"caption":"design-ding SHOP"},"image":{"@id":"https:\/\/design-ding.de\/shop\/#\/schema\/logo\/image\/"},"sameAs":["https:\/\/www.facebook.com\/designding1\/","https:\/\/www.instagram.com\/erikjaegerschreinerei\/","https:\/\/www.pinterest.com\/erik_jaeger"]}]}},"_links":{"self":[{"href":"https:\/\/design-ding.de\/shop\/wp-json\/wp\/v2\/pages\/1973","targetHints":{"allow":["GET"]}}],"collection":[{"href":"https:\/\/design-ding.de\/shop\/wp-json\/wp\/v2\/pages"}],"about":[{"href":"https:\/\/design-ding.de\/shop\/wp-json\/wp\/v2\/types\/page"}],"author":[{"embeddable":true,"href":"https:\/\/design-ding.de\/shop\/wp-json\/wp\/v2\/users\/1"}],"replies":[{"embeddable":true,"href":"https:\/\/design-ding.de\/shop\/wp-json\/wp\/v2\/comments?post=1973"}],"version-history":[{"count":10,"href":"https:\/\/design-ding.de\/shop\/wp-json\/wp\/v2\/pages\/1973\/revisions"}],"predecessor-version":[{"id":1994,"href":"https:\/\/design-ding.de\/shop\/wp-json\/wp\/v2\/pages\/1973\/revisions\/1994"}],"wp:attachment":[{"href":"https:\/\/design-ding.de\/shop\/wp-json\/wp\/v2\/media?parent=1973"}],"curies":[{"name":"wp","href":"https:\/\/api.w.org\/{rel}","templated":true}]}}