{"id":35,"date":"2015-11-10T18:55:41","date_gmt":"2015-11-10T18:55:41","guid":{"rendered":"http:\/\/design-ding.de\/impressum\/"},"modified":"2025-06-14T10:35:49","modified_gmt":"2025-06-14T10:35:49","slug":"impressum","status":"publish","type":"page","link":"https:\/\/design-ding.de\/shop\/impressum","title":{"rendered":"Impressum"},"content":{"rendered":"\n<p><strong>design-ding.de<\/strong><\/p>\n\n\n\n<p>betrieben von<\/p>\n\n\n\n<p><strong>Erik Jaeger<\/strong><\/p>\n\n\n\n<p>Hauptstra\u00dfe 52<\/p>\n\n\n\n<p>OT Winzer<\/p>\n\n\n\n<p>D-86480 Aletshausen<\/p>\n\n\n\n<p>Gesch\u00e4ftsinhaber: Erik Jaeger<\/p>\n\n\n\n<p>Ust.-IdNr. DE203056373<\/p>\n\n\n\n<p>tel. +49 8263 960 161<\/p>\n\n\n\n<p>erik.jaeger@design-ding.de<\/p>\n\n\n\n<p>www.design-ding.de<\/p>\n<p><a href=\"\/\/www.pinterest.com\/pin\/create\/button\/\" data-pin-do=\"buttonBookmark\" data-pin-color=\"red\" data-pin-height=\"128\"><img decoding=\"async\" src=\"\/\/assets.pinterest.com\/images\/pidgets\/pinit_fg_en_rect_red_28.png\" \/><\/a><\/p>","protected":false},"excerpt":{"rendered":"<p>design-ding.de betrieben von Erik Jaeger Hauptstra\u00dfe 52 OT Winzer D-86480 Aletshausen Gesch\u00e4ftsinhaber: Erik Jaeger Ust.-IdNr. DE203056373 tel. +49 8263 960&#8230;<\/p>\n","protected":false},"author":1,"featured_media":0,"parent":0,"menu_order":0,"comment_status":"closed","ping_status":"open","template":"","meta":{"footnotes":""},"class_list":["post-35","page","type-page","status-publish","hentry"],"yoast_head":"<!-- This site is optimized with the Yoast SEO plugin v27.4 - https:\/\/yoast.com\/product\/yoast-seo-wordpress\/ -->\n<title>Impressum - design-ding.de<\/title>\n<meta name=\"robots\" content=\"index, follow, max-snippet:-1, max-image-preview:large, max-video-preview:-1\" \/>\n<link rel=\"canonical\" href=\"https:\/\/design-ding.de\/shop\/impressum\" \/>\n<meta property=\"og:locale\" content=\"de_DE\" \/>\n<meta property=\"og:type\" content=\"article\" \/>\n<meta property=\"og:title\" content=\"Impressum - design-ding.de\" \/>\n<meta property=\"og:description\" content=\"design-ding.de betrieben von Erik Jaeger Hauptstra\u00dfe 52 OT Winzer D-86480 Aletshausen Gesch\u00e4ftsinhaber: Erik Jaeger Ust.-IdNr. DE203056373 tel. +49 8263 960...\" \/>\n<meta property=\"og:url\" content=\"https:\/\/design-ding.de\/shop\/impressum\" \/>\n<meta property=\"og:site_name\" content=\"design-ding.de\" \/>\n<meta property=\"article:publisher\" content=\"https:\/\/www.facebook.com\/designding1\/\" \/>\n<meta property=\"article:modified_time\" content=\"2025-06-14T10:35:49+00:00\" \/>\n<meta property=\"og:image\" content=\"http:\/\/design-ding.de\/wp-content\/uploads\/2016\/06\/designdingSHOP_facebook.png\" \/>\n<meta name=\"twitter:card\" content=\"summary_large_image\" \/>\n<meta name=\"twitter:label1\" content=\"Gesch\u00e4tzte Lesezeit\" \/>\n\t<meta name=\"twitter:data1\" content=\"1\u00a0Minute\" \/>\n<script type=\"application\/ld+json\" class=\"yoast-schema-graph\">{\"@context\":\"https:\\\/\\\/schema.org\",\"@graph\":[{\"@type\":\"WebPage\",\"@id\":\"https:\\\/\\\/design-ding.de\\\/shop\\\/impressum\",\"url\":\"https:\\\/\\\/design-ding.de\\\/shop\\\/impressum\",\"name\":\"Impressum - design-ding.de\",\"isPartOf\":{\"@id\":\"https:\\\/\\\/design-ding.de\\\/shop\\\/#website\"},\"datePublished\":\"2015-11-10T18:55:41+00:00\",\"dateModified\":\"2025-06-14T10:35:49+00:00\",\"breadcrumb\":{\"@id\":\"https:\\\/\\\/design-ding.de\\\/shop\\\/impressum#breadcrumb\"},\"inLanguage\":\"de\",\"potentialAction\":[{\"@type\":\"ReadAction\",\"target\":[\"https:\\\/\\\/design-ding.de\\\/shop\\\/impressum\"]}]},{\"@type\":\"BreadcrumbList\",\"@id\":\"https:\\\/\\\/design-ding.de\\\/shop\\\/impressum#breadcrumb\",\"itemListElement\":[{\"@type\":\"ListItem\",\"position\":1,\"name\":\"Startseite\",\"item\":\"https:\\\/\\\/design-ding.de\\\/shop\\\/\"},{\"@type\":\"ListItem\",\"position\":2,\"name\":\"Impressum\"}]},{\"@type\":\"WebSite\",\"@id\":\"https:\\\/\\\/design-ding.de\\\/shop\\\/#website\",\"url\":\"https:\\\/\\\/design-ding.de\\\/shop\\\/\",\"name\":\"design-ding.de\",\"description\":\"ST\u00dcCK F\u00dcR ST\u00dcCK BESONDERS.\",\"publisher\":{\"@id\":\"https:\\\/\\\/design-ding.de\\\/shop\\\/#organization\"},\"potentialAction\":[{\"@type\":\"SearchAction\",\"target\":{\"@type\":\"EntryPoint\",\"urlTemplate\":\"https:\\\/\\\/design-ding.de\\\/shop\\\/?s={search_term_string}\"},\"query-input\":{\"@type\":\"PropertyValueSpecification\",\"valueRequired\":true,\"valueName\":\"search_term_string\"}}],\"inLanguage\":\"de\"},{\"@type\":\"Organization\",\"@id\":\"https:\\\/\\\/design-ding.de\\\/shop\\\/#organization\",\"name\":\"design-ding SHOP\",\"url\":\"https:\\\/\\\/design-ding.de\\\/shop\\\/\",\"logo\":{\"@type\":\"ImageObject\",\"inLanguage\":\"de\",\"@id\":\"https:\\\/\\\/design-ding.de\\\/shop\\\/#\\\/schema\\\/logo\\\/image\\\/\",\"url\":\"https:\\\/\\\/design-ding.de\\\/wp-content\\\/uploads\\\/2017\\\/07\\\/designdingSHOP_facebook.png\",\"contentUrl\":\"https:\\\/\\\/design-ding.de\\\/wp-content\\\/uploads\\\/2017\\\/07\\\/designdingSHOP_facebook.png\",\"width\":900,\"height\":900,\"caption\":\"design-ding SHOP\"},\"image\":{\"@id\":\"https:\\\/\\\/design-ding.de\\\/shop\\\/#\\\/schema\\\/logo\\\/image\\\/\"},\"sameAs\":[\"https:\\\/\\\/www.facebook.com\\\/designding1\\\/\",\"https:\\\/\\\/www.instagram.com\\\/erikjaegerschreinerei\\\/\",\"https:\\\/\\\/www.pinterest.com\\\/erik_jaeger\"]}]}<\/script>\n<!-- \/ Yoast SEO plugin. -->","yoast_head_json":{"title":"Impressum - design-ding.de","robots":{"index":"index","follow":"follow","max-snippet":"max-snippet:-1","max-image-preview":"max-image-preview:large","max-video-preview":"max-video-preview:-1"},"canonical":"https:\/\/design-ding.de\/shop\/impressum","og_locale":"de_DE","og_type":"article","og_title":"Impressum - design-ding.de","og_description":"design-ding.de betrieben von Erik Jaeger Hauptstra\u00dfe 52 OT Winzer D-86480 Aletshausen Gesch\u00e4ftsinhaber: Erik Jaeger Ust.-IdNr. DE203056373 tel. +49 8263 960...","og_url":"https:\/\/design-ding.de\/shop\/impressum","og_site_name":"design-ding.de","article_publisher":"https:\/\/www.facebook.com\/designding1\/","article_modified_time":"2025-06-14T10:35:49+00:00","og_image":[{"url":"http:\/\/design-ding.de\/wp-content\/uploads\/2016\/06\/designdingSHOP_facebook.png","type":"","width":"","height":""}],"twitter_card":"summary_large_image","twitter_misc":{"Gesch\u00e4tzte Lesezeit":"1\u00a0Minute"},"schema":{"@context":"https:\/\/schema.org","@graph":[{"@type":"WebPage","@id":"https:\/\/design-ding.de\/shop\/impressum","url":"https:\/\/design-ding.de\/shop\/impressum","name":"Impressum - design-ding.de","isPartOf":{"@id":"https:\/\/design-ding.de\/shop\/#website"},"datePublished":"2015-11-10T18:55:41+00:00","dateModified":"2025-06-14T10:35:49+00:00","breadcrumb":{"@id":"https:\/\/design-ding.de\/shop\/impressum#breadcrumb"},"inLanguage":"de","potentialAction":[{"@type":"ReadAction","target":["https:\/\/design-ding.de\/shop\/impressum"]}]},{"@type":"BreadcrumbList","@id":"https:\/\/design-ding.de\/shop\/impressum#breadcrumb","itemListElement":[{"@type":"ListItem","position":1,"name":"Startseite","item":"https:\/\/design-ding.de\/shop\/"},{"@type":"ListItem","position":2,"name":"Impressum"}]},{"@type":"WebSite","@id":"https:\/\/design-ding.de\/shop\/#website","url":"https:\/\/design-ding.de\/shop\/","name":"design-ding.de","description":"ST\u00dcCK F\u00dcR ST\u00dcCK BESONDERS.","publisher":{"@id":"https:\/\/design-ding.de\/shop\/#organization"},"potentialAction":[{"@type":"SearchAction","target":{"@type":"EntryPoint","urlTemplate":"https:\/\/design-ding.de\/shop\/?s={search_term_string}"},"query-input":{"@type":"PropertyValueSpecification","valueRequired":true,"valueName":"search_term_string"}}],"inLanguage":"de"},{"@type":"Organization","@id":"https:\/\/design-ding.de\/shop\/#organization","name":"design-ding SHOP","url":"https:\/\/design-ding.de\/shop\/","logo":{"@type":"ImageObject","inLanguage":"de","@id":"https:\/\/design-ding.de\/shop\/#\/schema\/logo\/image\/","url":"https:\/\/design-ding.de\/wp-content\/uploads\/2017\/07\/designdingSHOP_facebook.png","contentUrl":"https:\/\/design-ding.de\/wp-content\/uploads\/2017\/07\/designdingSHOP_facebook.png","width":900,"height":900,"caption":"design-ding SHOP"},"image":{"@id":"https:\/\/design-ding.de\/shop\/#\/schema\/logo\/image\/"},"sameAs":["https:\/\/www.facebook.com\/designding1\/","https:\/\/www.instagram.com\/erikjaegerschreinerei\/","https:\/\/www.pinterest.com\/erik_jaeger"]}]}},"_links":{"self":[{"href":"https:\/\/design-ding.de\/shop\/wp-json\/wp\/v2\/pages\/35","targetHints":{"allow":["GET"]}}],"collection":[{"href":"https:\/\/design-ding.de\/shop\/wp-json\/wp\/v2\/pages"}],"about":[{"href":"https:\/\/design-ding.de\/shop\/wp-json\/wp\/v2\/types\/page"}],"author":[{"embeddable":true,"href":"https:\/\/design-ding.de\/shop\/wp-json\/wp\/v2\/users\/1"}],"replies":[{"embeddable":true,"href":"https:\/\/design-ding.de\/shop\/wp-json\/wp\/v2\/comments?post=35"}],"version-history":[{"count":5,"href":"https:\/\/design-ding.de\/shop\/wp-json\/wp\/v2\/pages\/35\/revisions"}],"predecessor-version":[{"id":2660,"href":"https:\/\/design-ding.de\/shop\/wp-json\/wp\/v2\/pages\/35\/revisions\/2660"}],"wp:attachment":[{"href":"https:\/\/design-ding.de\/shop\/wp-json\/wp\/v2\/media?parent=35"}],"curies":[{"name":"wp","href":"https:\/\/api.w.org\/{rel}","templated":true}]}}