{"id":37,"date":"2015-11-10T18:55:41","date_gmt":"2015-11-10T18:55:41","guid":{"rendered":"http:\/\/design-ding.de\/widerrufsbelehrung\/"},"modified":"2020-03-23T06:37:57","modified_gmt":"2020-03-23T06:37:57","slug":"widerrufsbelehrung","status":"publish","type":"page","link":"https:\/\/design-ding.de\/shop\/widerrufsbelehrung","title":{"rendered":"Widerrufsbelehrung"},"content":{"rendered":"<p><strong>Gesetzliches Widerrufsrecht beim Kauf von Artikeln aus dem design-ding-SHOP<\/strong><\/p>\n<p>Nachstehend erhalten Sie die gesetzlich erforderliche Belehrung \u00fcber die Voraussetzungen und Folgen des Widerrufsrechts.<\/p>\n<p><strong><u>Im Fall der R\u00fccksendung nehmen Sie bitte Kontakt mit uns auf<\/u><\/strong>.<\/p>\n<p><strong>Die nachfolgende Widerrufsbelehrung gilt f\u00fcr den Kauf von Artikeln aus dem design-ding-SHOP.<\/strong><\/p>\n<p><strong>Widerrufsbelehrung:<\/strong><\/p>\n<p>Sie haben das Recht, binnen <strong>vierzehn Tagen<\/strong> ohne Angabe von Gr\u00fcnden diesen Vertrag zu widerrufen. Die Widerrufsfrist betr\u00e4gt vierzehn Tage ab:<br \/>\n&#8211; dem Tag, an dem Sie oder ein von Ihnen benannter Dritter, der nicht der Bef\u00f6rderer ist, die letzte Ware in Besitz genommen hat; oder<br \/>\n&#8211; Beim Kauf auf Probe ab dem Tag, an dem die Billigung erfolgt ist. Die Billigung gilt als erfolgt, wenn Sie den Vertrag nicht innerhalb einer 7-t\u00e4gigen Billigungsfrist verweigern. Die Billigungsfrist beginnt am Tag nach dem Eingang der Ware bei Ihnen.<br \/>\nUm Ihr Widerrufsrecht auszu\u00fcben, m\u00fcssen Sie die erik jaeger SCHREINEREI, Hauptstrasse 52, 86480 Winzer, Telefax: +49 (0)8263 960 162, E-Mail:\u00a0<u><a href=\"mailto:shop@design-ding.de\">shop@design-ding.de<\/a><\/u>\u00a0mittels einer eindeutigen Erkl\u00e4rung (z.B. ein mit der Post versandter Brief, Telefax oder E-Mail) \u00fcber Ihren Entschluss, diesen Vertrag zu widerrufen, informieren. Sie k\u00f6nnen daf\u00fcr das beigef\u00fcgte Muster-Widerrufsformular verwenden, das jedoch nicht vorgeschrieben ist.<br \/>\nSie k\u00f6nnen das Muster-Widerrufsformular oder eine andere eindeutige Erkl\u00e4rung auch unter \u201eMein Benutzerkonto\u201c auf unserer Webseite www.design-ding.de elektronisch ausf\u00fcllen und \u00fcbermitteln. Machen sie von dieser M\u00f6glichkeit Gebrauch, so werden wir Ihnen unverz\u00fcglich (z.B. per Email) eine Best\u00e4tigung \u00fcber den Eingang eines solchen Widerrufs \u00fcbermitteln.<br \/>\nZur Wahrung der Widerrufsfrist reicht es aus, dass Sie die Mitteilung \u00fcber die Aus\u00fcbung des Widerrufsrechts vor Ablauf der Widerrufsfrist absenden.<\/p>\n<p><strong>Folgen des Widerrufs<\/strong><br \/>\nWenn Sie diesen Vertrag widerrufen, haben wir Ihnen alle Zahlungen, die wir von Ihnen erhalten haben, einschlie\u00dflich der Lieferkosten (mit Ausnahme der zus\u00e4tzlichen Kosten, die sich daraus ergeben, dass Sie eine andere Art der Lieferung als die von uns angebotene, g\u00fcnstigste Standardlieferung gew\u00e4hlt haben), unverz\u00fcglich und sp\u00e4testens binnen vierzehn Tagen ab dem Tag zur\u00fcckzuzahlen, an dem die Mitteilung \u00fcber Ihren Widerruf dieses Vertrags bei uns eingegangen ist. F\u00fcr diese R\u00fcckzahlung verwenden wir dasselbe Zahlungsmittel, das Sie bei der urspr\u00fcnglichen Transaktion eingesetzt haben, es sei denn, mit Ihnen wurde ausdr\u00fccklich etwas anderes vereinbart; in keinem Fall werden Ihnen wegen dieser R\u00fcckzahlung Entgelte berechnet. Wir k\u00f6nnen die R\u00fcckzahlung verweigern, bis wir die Ware wieder zur\u00fcckerhalten haben oder bis Sie den Nachweis erbracht haben, dass Sie die Waren zur\u00fcckgesandt haben, je nachdem, welches der fr\u00fchere Zeitpunkt ist.<\/p>\n<p>Sie haben die Waren unverz\u00fcglich und in jedem Fall sp\u00e4testens binnen vierzehn Tagen ab dem Tag, an dem Sie uns \u00fcber den Widerruf dieses Vertrags unterrichten an uns zur\u00fcckzusenden oder zu \u00fcbergeben. Die Frist ist gewahrt, wenn Sie die Waren vor Ablauf der Frist von vierzehn Tagen absenden. Die Kosten f\u00fcr diese R\u00fccksendung haben Sie selbst zu tragen.<\/p>\n<p>Sie m\u00fcssen f\u00fcr einen etwaigen Wertverlust der Waren nur aufkommen, wenn dieser Wertverlust auf einen zur Pr\u00fcfung der Beschaffenheit, Eigenschaften und Funktionsweise der Waren nicht notwendigen Umgang mit ihnen zur\u00fcckzuf\u00fchren ist.<\/p>\n<p><strong>Muster-Widerrufsformular<\/strong><br \/>\n(Wenn Sie den Vertrag widerrufen wollen, dann f\u00fcllen Sie bitte dieses Formular aus und senden Sie es zur\u00fcck)<\/p>\n<p>An erik jaeger SCHREINEREI, Hauptstrasse 52, 86480 Winzer<\/p>\n<p>E-Mail: <u><a href=\"mailto:shop@design-ding.de\">shop@design-ding.de<\/a><\/u><\/p>\n<p>Hiermit widerrufe(n) ich\/wir (*) den von mir\/uns (*) abgeschlossenen Vertrag \u00fcber den Kauf der folgenden Waren (*)\/<br \/>\n\u2014 Bestellt am (*)\/erhalten am (*)<br \/>\n\u2014 Name des\/der Verbraucher(s)<br \/>\n\u2014 Anschrift des\/der Verbraucher(s)<br \/>\n\u2014 Datum<\/p>\n<p>(*) Unzutreffendes bitte streichen<\/p>\n<p><strong>Ende der Widerrufsbelehrung<\/strong><\/p>\n<p>Die R\u00fcckzahlung erfolgt auf das von Ihnen zur Zahlung verwendete Konto. Bei Zahlung auf Rechnung, sowie \u00dcberweisung bei Vorkasse, wird die R\u00fcck\u00fcberweisung an das Konto angewiesen, von dem die \u00dcberweisung get\u00e4tigt wurde. Haben Sie per Paypal\/Kreditkarte gezahlt, erfolgt die R\u00fcckerstattung auf das damit verbundene Paypal-\/Kreditkartenkonto.<\/p>\n<p><a href=\"\/\/www.pinterest.com\/pin\/create\/button\/\" data-pin-do=\"buttonBookmark\" data-pin-color=\"red\" data-pin-height=\"128\"><img decoding=\"async\" src=\"\/\/assets.pinterest.com\/images\/pidgets\/pinit_fg_en_rect_red_28.png\" \/><\/a><\/p>","protected":false},"excerpt":{"rendered":"<p>Gesetzliches Widerrufsrecht beim Kauf von Artikeln aus dem design-ding-SHOP Nachstehend erhalten Sie die gesetzlich erforderliche Belehrung \u00fcber die Voraussetzungen und&#8230;<\/p>\n","protected":false},"author":1,"featured_media":0,"parent":0,"menu_order":0,"comment_status":"closed","ping_status":"open","template":"","meta":{"footnotes":""},"class_list":["post-37","page","type-page","status-publish","hentry"],"yoast_head":"<!-- This site is optimized with the Yoast SEO plugin v27.4 - https:\/\/yoast.com\/product\/yoast-seo-wordpress\/ -->\n<title>Widerrufsbelehrung - design-ding.de<\/title>\n<meta name=\"robots\" content=\"index, follow, max-snippet:-1, max-image-preview:large, max-video-preview:-1\" \/>\n<link rel=\"canonical\" href=\"https:\/\/design-ding.de\/shop\/widerrufsbelehrung\" \/>\n<meta property=\"og:locale\" content=\"de_DE\" \/>\n<meta property=\"og:type\" content=\"article\" \/>\n<meta property=\"og:title\" content=\"Widerrufsbelehrung - design-ding.de\" \/>\n<meta property=\"og:description\" content=\"Gesetzliches Widerrufsrecht beim Kauf von Artikeln aus dem design-ding-SHOP Nachstehend erhalten Sie die gesetzlich erforderliche Belehrung \u00fcber die Voraussetzungen und...\" \/>\n<meta property=\"og:url\" content=\"https:\/\/design-ding.de\/shop\/widerrufsbelehrung\" \/>\n<meta property=\"og:site_name\" content=\"design-ding.de\" \/>\n<meta property=\"article:publisher\" content=\"https:\/\/www.facebook.com\/designding1\/\" \/>\n<meta property=\"article:modified_time\" content=\"2020-03-23T06:37:57+00:00\" \/>\n<meta property=\"og:image\" content=\"http:\/\/design-ding.de\/wp-content\/uploads\/2016\/06\/designdingSHOP_facebook.png\" \/>\n<meta name=\"twitter:card\" content=\"summary_large_image\" \/>\n<meta name=\"twitter:label1\" content=\"Gesch\u00e4tzte Lesezeit\" \/>\n\t<meta name=\"twitter:data1\" content=\"3\u00a0Minuten\" \/>\n<script type=\"application\/ld+json\" class=\"yoast-schema-graph\">{\"@context\":\"https:\\\/\\\/schema.org\",\"@graph\":[{\"@type\":\"WebPage\",\"@id\":\"https:\\\/\\\/design-ding.de\\\/shop\\\/widerrufsbelehrung\",\"url\":\"https:\\\/\\\/design-ding.de\\\/shop\\\/widerrufsbelehrung\",\"name\":\"Widerrufsbelehrung - design-ding.de\",\"isPartOf\":{\"@id\":\"https:\\\/\\\/design-ding.de\\\/shop\\\/#website\"},\"datePublished\":\"2015-11-10T18:55:41+00:00\",\"dateModified\":\"2020-03-23T06:37:57+00:00\",\"breadcrumb\":{\"@id\":\"https:\\\/\\\/design-ding.de\\\/shop\\\/widerrufsbelehrung#breadcrumb\"},\"inLanguage\":\"de\",\"potentialAction\":[{\"@type\":\"ReadAction\",\"target\":[\"https:\\\/\\\/design-ding.de\\\/shop\\\/widerrufsbelehrung\"]}]},{\"@type\":\"BreadcrumbList\",\"@id\":\"https:\\\/\\\/design-ding.de\\\/shop\\\/widerrufsbelehrung#breadcrumb\",\"itemListElement\":[{\"@type\":\"ListItem\",\"position\":1,\"name\":\"Startseite\",\"item\":\"https:\\\/\\\/design-ding.de\\\/shop\\\/\"},{\"@type\":\"ListItem\",\"position\":2,\"name\":\"Widerrufsbelehrung\"}]},{\"@type\":\"WebSite\",\"@id\":\"https:\\\/\\\/design-ding.de\\\/shop\\\/#website\",\"url\":\"https:\\\/\\\/design-ding.de\\\/shop\\\/\",\"name\":\"design-ding.de\",\"description\":\"ST\u00dcCK F\u00dcR ST\u00dcCK BESONDERS.\",\"publisher\":{\"@id\":\"https:\\\/\\\/design-ding.de\\\/shop\\\/#organization\"},\"potentialAction\":[{\"@type\":\"SearchAction\",\"target\":{\"@type\":\"EntryPoint\",\"urlTemplate\":\"https:\\\/\\\/design-ding.de\\\/shop\\\/?s={search_term_string}\"},\"query-input\":{\"@type\":\"PropertyValueSpecification\",\"valueRequired\":true,\"valueName\":\"search_term_string\"}}],\"inLanguage\":\"de\"},{\"@type\":\"Organization\",\"@id\":\"https:\\\/\\\/design-ding.de\\\/shop\\\/#organization\",\"name\":\"design-ding SHOP\",\"url\":\"https:\\\/\\\/design-ding.de\\\/shop\\\/\",\"logo\":{\"@type\":\"ImageObject\",\"inLanguage\":\"de\",\"@id\":\"https:\\\/\\\/design-ding.de\\\/shop\\\/#\\\/schema\\\/logo\\\/image\\\/\",\"url\":\"https:\\\/\\\/design-ding.de\\\/wp-content\\\/uploads\\\/2017\\\/07\\\/designdingSHOP_facebook.png\",\"contentUrl\":\"https:\\\/\\\/design-ding.de\\\/wp-content\\\/uploads\\\/2017\\\/07\\\/designdingSHOP_facebook.png\",\"width\":900,\"height\":900,\"caption\":\"design-ding SHOP\"},\"image\":{\"@id\":\"https:\\\/\\\/design-ding.de\\\/shop\\\/#\\\/schema\\\/logo\\\/image\\\/\"},\"sameAs\":[\"https:\\\/\\\/www.facebook.com\\\/designding1\\\/\",\"https:\\\/\\\/www.instagram.com\\\/erikjaegerschreinerei\\\/\",\"https:\\\/\\\/www.pinterest.com\\\/erik_jaeger\"]}]}<\/script>\n<!-- \/ Yoast SEO plugin. -->","yoast_head_json":{"title":"Widerrufsbelehrung - design-ding.de","robots":{"index":"index","follow":"follow","max-snippet":"max-snippet:-1","max-image-preview":"max-image-preview:large","max-video-preview":"max-video-preview:-1"},"canonical":"https:\/\/design-ding.de\/shop\/widerrufsbelehrung","og_locale":"de_DE","og_type":"article","og_title":"Widerrufsbelehrung - design-ding.de","og_description":"Gesetzliches Widerrufsrecht beim Kauf von Artikeln aus dem design-ding-SHOP Nachstehend erhalten Sie die gesetzlich erforderliche Belehrung \u00fcber die Voraussetzungen und...","og_url":"https:\/\/design-ding.de\/shop\/widerrufsbelehrung","og_site_name":"design-ding.de","article_publisher":"https:\/\/www.facebook.com\/designding1\/","article_modified_time":"2020-03-23T06:37:57+00:00","og_image":[{"url":"http:\/\/design-ding.de\/wp-content\/uploads\/2016\/06\/designdingSHOP_facebook.png","type":"","width":"","height":""}],"twitter_card":"summary_large_image","twitter_misc":{"Gesch\u00e4tzte Lesezeit":"3\u00a0Minuten"},"schema":{"@context":"https:\/\/schema.org","@graph":[{"@type":"WebPage","@id":"https:\/\/design-ding.de\/shop\/widerrufsbelehrung","url":"https:\/\/design-ding.de\/shop\/widerrufsbelehrung","name":"Widerrufsbelehrung - design-ding.de","isPartOf":{"@id":"https:\/\/design-ding.de\/shop\/#website"},"datePublished":"2015-11-10T18:55:41+00:00","dateModified":"2020-03-23T06:37:57+00:00","breadcrumb":{"@id":"https:\/\/design-ding.de\/shop\/widerrufsbelehrung#breadcrumb"},"inLanguage":"de","potentialAction":[{"@type":"ReadAction","target":["https:\/\/design-ding.de\/shop\/widerrufsbelehrung"]}]},{"@type":"BreadcrumbList","@id":"https:\/\/design-ding.de\/shop\/widerrufsbelehrung#breadcrumb","itemListElement":[{"@type":"ListItem","position":1,"name":"Startseite","item":"https:\/\/design-ding.de\/shop\/"},{"@type":"ListItem","position":2,"name":"Widerrufsbelehrung"}]},{"@type":"WebSite","@id":"https:\/\/design-ding.de\/shop\/#website","url":"https:\/\/design-ding.de\/shop\/","name":"design-ding.de","description":"ST\u00dcCK F\u00dcR ST\u00dcCK BESONDERS.","publisher":{"@id":"https:\/\/design-ding.de\/shop\/#organization"},"potentialAction":[{"@type":"SearchAction","target":{"@type":"EntryPoint","urlTemplate":"https:\/\/design-ding.de\/shop\/?s={search_term_string}"},"query-input":{"@type":"PropertyValueSpecification","valueRequired":true,"valueName":"search_term_string"}}],"inLanguage":"de"},{"@type":"Organization","@id":"https:\/\/design-ding.de\/shop\/#organization","name":"design-ding SHOP","url":"https:\/\/design-ding.de\/shop\/","logo":{"@type":"ImageObject","inLanguage":"de","@id":"https:\/\/design-ding.de\/shop\/#\/schema\/logo\/image\/","url":"https:\/\/design-ding.de\/wp-content\/uploads\/2017\/07\/designdingSHOP_facebook.png","contentUrl":"https:\/\/design-ding.de\/wp-content\/uploads\/2017\/07\/designdingSHOP_facebook.png","width":900,"height":900,"caption":"design-ding SHOP"},"image":{"@id":"https:\/\/design-ding.de\/shop\/#\/schema\/logo\/image\/"},"sameAs":["https:\/\/www.facebook.com\/designding1\/","https:\/\/www.instagram.com\/erikjaegerschreinerei\/","https:\/\/www.pinterest.com\/erik_jaeger"]}]}},"_links":{"self":[{"href":"https:\/\/design-ding.de\/shop\/wp-json\/wp\/v2\/pages\/37","targetHints":{"allow":["GET"]}}],"collection":[{"href":"https:\/\/design-ding.de\/shop\/wp-json\/wp\/v2\/pages"}],"about":[{"href":"https:\/\/design-ding.de\/shop\/wp-json\/wp\/v2\/types\/page"}],"author":[{"embeddable":true,"href":"https:\/\/design-ding.de\/shop\/wp-json\/wp\/v2\/users\/1"}],"replies":[{"embeddable":true,"href":"https:\/\/design-ding.de\/shop\/wp-json\/wp\/v2\/comments?post=37"}],"version-history":[{"count":6,"href":"https:\/\/design-ding.de\/shop\/wp-json\/wp\/v2\/pages\/37\/revisions"}],"predecessor-version":[{"id":2391,"href":"https:\/\/design-ding.de\/shop\/wp-json\/wp\/v2\/pages\/37\/revisions\/2391"}],"wp:attachment":[{"href":"https:\/\/design-ding.de\/shop\/wp-json\/wp\/v2\/media?parent=37"}],"curies":[{"name":"wp","href":"https:\/\/api.w.org\/{rel}","templated":true}]}}