{"id":38,"date":"2015-11-10T18:55:41","date_gmt":"2015-11-10T18:55:41","guid":{"rendered":"http:\/\/design-ding.de\/versandarten\/"},"modified":"2015-11-24T16:13:22","modified_gmt":"2015-11-24T16:13:22","slug":"versandarten","status":"publish","type":"page","link":"https:\/\/design-ding.de\/shop\/versandarten","title":{"rendered":"Versand"},"content":{"rendered":"<p>Die Versandkosten der jeweiligen Artikel werden im Warenkorb angezeigt. Im Regelfall handelt es sich um einen Betrag von 5,90\u20ac, bei sperrigen oder schweren Produkten kann das Porto etwas h\u00f6her ausfallen. Bei Bestellung mehrerer Artikel mit gleichem Versandkostensatz f\u00e4llt dieser nur 1x an. Bei Bestellung mehrerer Artikel mit unterschiedlichen Versandkostens\u00e4tzen f\u00e4llt nur 1x das h\u00f6here Porto\u00a0an.<\/p>\n<p>Beispiel:<\/p>\n<p>Sie bestellen 1 Stk. Ringbuch adAkta &#8220;S&#8221;, Porto 5,90\u20ac und dazu 1 Stk. Hocker jaegerSitz!, Porto 11,90\u20ac. Sie bezahlen f\u00fcr die gesamte Lieferung 1x das h\u00f6here Porto, also 11,90\u20ac.<\/p>\n<p>&nbsp;<\/p>\n<p>In der Regel versenden wir mit DHL.<br \/>\n<a href=\"http:\/\/design-ding.de\/wp-content\/uploads\/2015\/11\/DHL.png\"><img loading=\"lazy\" decoding=\"async\" class=\"size-full wp-image-143 alignleft\" src=\"http:\/\/design-ding.de\/wp-content\/uploads\/2015\/11\/DHL.png\" alt=\"DHL\" width=\"266\" height=\"190\" \/><\/a><\/p>\n<p>&nbsp;<\/p>\n<p><a href=\"\/\/www.pinterest.com\/pin\/create\/button\/\" data-pin-do=\"buttonBookmark\" data-pin-color=\"red\" data-pin-height=\"128\"><img decoding=\"async\" src=\"\/\/assets.pinterest.com\/images\/pidgets\/pinit_fg_en_rect_red_28.png\" \/><\/a><\/p>","protected":false},"excerpt":{"rendered":"<p>Die Versandkosten der jeweiligen Artikel werden im Warenkorb angezeigt. Im Regelfall handelt es sich um einen Betrag von 5,90\u20ac, bei&#8230;<\/p>\n","protected":false},"author":1,"featured_media":0,"parent":0,"menu_order":0,"comment_status":"closed","ping_status":"closed","template":"","meta":{"footnotes":""},"class_list":["post-38","page","type-page","status-publish","hentry"],"yoast_head":"<!-- This site is optimized with the Yoast SEO plugin v27.4 - https:\/\/yoast.com\/product\/yoast-seo-wordpress\/ -->\n<title>Versand - design-ding.de<\/title>\n<meta name=\"robots\" content=\"index, follow, max-snippet:-1, max-image-preview:large, max-video-preview:-1\" \/>\n<link rel=\"canonical\" href=\"https:\/\/design-ding.de\/shop\/versandarten\" \/>\n<meta property=\"og:locale\" content=\"de_DE\" \/>\n<meta property=\"og:type\" content=\"article\" \/>\n<meta property=\"og:title\" content=\"Versand - design-ding.de\" \/>\n<meta property=\"og:description\" content=\"Die Versandkosten der jeweiligen Artikel werden im Warenkorb angezeigt. Im Regelfall handelt es sich um einen Betrag von 5,90\u20ac, bei...\" \/>\n<meta property=\"og:url\" content=\"https:\/\/design-ding.de\/shop\/versandarten\" \/>\n<meta property=\"og:site_name\" content=\"design-ding.de\" \/>\n<meta property=\"article:publisher\" content=\"https:\/\/www.facebook.com\/designding1\/\" \/>\n<meta property=\"article:modified_time\" content=\"2015-11-24T16:13:22+00:00\" \/>\n<meta property=\"og:image\" content=\"http:\/\/design-ding.de\/wp-content\/uploads\/2015\/11\/DHL.png\" \/>\n<meta name=\"twitter:card\" content=\"summary_large_image\" \/>\n<script type=\"application\/ld+json\" class=\"yoast-schema-graph\">{\"@context\":\"https:\\\/\\\/schema.org\",\"@graph\":[{\"@type\":\"WebPage\",\"@id\":\"https:\\\/\\\/design-ding.de\\\/shop\\\/versandarten\",\"url\":\"https:\\\/\\\/design-ding.de\\\/shop\\\/versandarten\",\"name\":\"Versand - design-ding.de\",\"isPartOf\":{\"@id\":\"https:\\\/\\\/design-ding.de\\\/shop\\\/#website\"},\"primaryImageOfPage\":{\"@id\":\"https:\\\/\\\/design-ding.de\\\/shop\\\/versandarten#primaryimage\"},\"image\":{\"@id\":\"https:\\\/\\\/design-ding.de\\\/shop\\\/versandarten#primaryimage\"},\"thumbnailUrl\":\"http:\\\/\\\/design-ding.de\\\/wp-content\\\/uploads\\\/2015\\\/11\\\/DHL.png\",\"datePublished\":\"2015-11-10T18:55:41+00:00\",\"dateModified\":\"2015-11-24T16:13:22+00:00\",\"breadcrumb\":{\"@id\":\"https:\\\/\\\/design-ding.de\\\/shop\\\/versandarten#breadcrumb\"},\"inLanguage\":\"de\",\"potentialAction\":[{\"@type\":\"ReadAction\",\"target\":[\"https:\\\/\\\/design-ding.de\\\/shop\\\/versandarten\"]}]},{\"@type\":\"ImageObject\",\"inLanguage\":\"de\",\"@id\":\"https:\\\/\\\/design-ding.de\\\/shop\\\/versandarten#primaryimage\",\"url\":\"http:\\\/\\\/design-ding.de\\\/wp-content\\\/uploads\\\/2015\\\/11\\\/DHL.png\",\"contentUrl\":\"http:\\\/\\\/design-ding.de\\\/wp-content\\\/uploads\\\/2015\\\/11\\\/DHL.png\"},{\"@type\":\"BreadcrumbList\",\"@id\":\"https:\\\/\\\/design-ding.de\\\/shop\\\/versandarten#breadcrumb\",\"itemListElement\":[{\"@type\":\"ListItem\",\"position\":1,\"name\":\"Startseite\",\"item\":\"https:\\\/\\\/design-ding.de\\\/shop\\\/\"},{\"@type\":\"ListItem\",\"position\":2,\"name\":\"Versand\"}]},{\"@type\":\"WebSite\",\"@id\":\"https:\\\/\\\/design-ding.de\\\/shop\\\/#website\",\"url\":\"https:\\\/\\\/design-ding.de\\\/shop\\\/\",\"name\":\"design-ding.de\",\"description\":\"ST\u00dcCK F\u00dcR ST\u00dcCK BESONDERS.\",\"publisher\":{\"@id\":\"https:\\\/\\\/design-ding.de\\\/shop\\\/#organization\"},\"potentialAction\":[{\"@type\":\"SearchAction\",\"target\":{\"@type\":\"EntryPoint\",\"urlTemplate\":\"https:\\\/\\\/design-ding.de\\\/shop\\\/?s={search_term_string}\"},\"query-input\":{\"@type\":\"PropertyValueSpecification\",\"valueRequired\":true,\"valueName\":\"search_term_string\"}}],\"inLanguage\":\"de\"},{\"@type\":\"Organization\",\"@id\":\"https:\\\/\\\/design-ding.de\\\/shop\\\/#organization\",\"name\":\"design-ding SHOP\",\"url\":\"https:\\\/\\\/design-ding.de\\\/shop\\\/\",\"logo\":{\"@type\":\"ImageObject\",\"inLanguage\":\"de\",\"@id\":\"https:\\\/\\\/design-ding.de\\\/shop\\\/#\\\/schema\\\/logo\\\/image\\\/\",\"url\":\"https:\\\/\\\/design-ding.de\\\/wp-content\\\/uploads\\\/2017\\\/07\\\/designdingSHOP_facebook.png\",\"contentUrl\":\"https:\\\/\\\/design-ding.de\\\/wp-content\\\/uploads\\\/2017\\\/07\\\/designdingSHOP_facebook.png\",\"width\":900,\"height\":900,\"caption\":\"design-ding SHOP\"},\"image\":{\"@id\":\"https:\\\/\\\/design-ding.de\\\/shop\\\/#\\\/schema\\\/logo\\\/image\\\/\"},\"sameAs\":[\"https:\\\/\\\/www.facebook.com\\\/designding1\\\/\",\"https:\\\/\\\/www.instagram.com\\\/erikjaegerschreinerei\\\/\",\"https:\\\/\\\/www.pinterest.com\\\/erik_jaeger\"]}]}<\/script>\n<!-- \/ Yoast SEO plugin. -->","yoast_head_json":{"title":"Versand - design-ding.de","robots":{"index":"index","follow":"follow","max-snippet":"max-snippet:-1","max-image-preview":"max-image-preview:large","max-video-preview":"max-video-preview:-1"},"canonical":"https:\/\/design-ding.de\/shop\/versandarten","og_locale":"de_DE","og_type":"article","og_title":"Versand - design-ding.de","og_description":"Die Versandkosten der jeweiligen Artikel werden im Warenkorb angezeigt. Im Regelfall handelt es sich um einen Betrag von 5,90\u20ac, bei...","og_url":"https:\/\/design-ding.de\/shop\/versandarten","og_site_name":"design-ding.de","article_publisher":"https:\/\/www.facebook.com\/designding1\/","article_modified_time":"2015-11-24T16:13:22+00:00","og_image":[{"url":"http:\/\/design-ding.de\/wp-content\/uploads\/2015\/11\/DHL.png","type":"","width":"","height":""}],"twitter_card":"summary_large_image","schema":{"@context":"https:\/\/schema.org","@graph":[{"@type":"WebPage","@id":"https:\/\/design-ding.de\/shop\/versandarten","url":"https:\/\/design-ding.de\/shop\/versandarten","name":"Versand - design-ding.de","isPartOf":{"@id":"https:\/\/design-ding.de\/shop\/#website"},"primaryImageOfPage":{"@id":"https:\/\/design-ding.de\/shop\/versandarten#primaryimage"},"image":{"@id":"https:\/\/design-ding.de\/shop\/versandarten#primaryimage"},"thumbnailUrl":"http:\/\/design-ding.de\/wp-content\/uploads\/2015\/11\/DHL.png","datePublished":"2015-11-10T18:55:41+00:00","dateModified":"2015-11-24T16:13:22+00:00","breadcrumb":{"@id":"https:\/\/design-ding.de\/shop\/versandarten#breadcrumb"},"inLanguage":"de","potentialAction":[{"@type":"ReadAction","target":["https:\/\/design-ding.de\/shop\/versandarten"]}]},{"@type":"ImageObject","inLanguage":"de","@id":"https:\/\/design-ding.de\/shop\/versandarten#primaryimage","url":"http:\/\/design-ding.de\/wp-content\/uploads\/2015\/11\/DHL.png","contentUrl":"http:\/\/design-ding.de\/wp-content\/uploads\/2015\/11\/DHL.png"},{"@type":"BreadcrumbList","@id":"https:\/\/design-ding.de\/shop\/versandarten#breadcrumb","itemListElement":[{"@type":"ListItem","position":1,"name":"Startseite","item":"https:\/\/design-ding.de\/shop\/"},{"@type":"ListItem","position":2,"name":"Versand"}]},{"@type":"WebSite","@id":"https:\/\/design-ding.de\/shop\/#website","url":"https:\/\/design-ding.de\/shop\/","name":"design-ding.de","description":"ST\u00dcCK F\u00dcR ST\u00dcCK BESONDERS.","publisher":{"@id":"https:\/\/design-ding.de\/shop\/#organization"},"potentialAction":[{"@type":"SearchAction","target":{"@type":"EntryPoint","urlTemplate":"https:\/\/design-ding.de\/shop\/?s={search_term_string}"},"query-input":{"@type":"PropertyValueSpecification","valueRequired":true,"valueName":"search_term_string"}}],"inLanguage":"de"},{"@type":"Organization","@id":"https:\/\/design-ding.de\/shop\/#organization","name":"design-ding SHOP","url":"https:\/\/design-ding.de\/shop\/","logo":{"@type":"ImageObject","inLanguage":"de","@id":"https:\/\/design-ding.de\/shop\/#\/schema\/logo\/image\/","url":"https:\/\/design-ding.de\/wp-content\/uploads\/2017\/07\/designdingSHOP_facebook.png","contentUrl":"https:\/\/design-ding.de\/wp-content\/uploads\/2017\/07\/designdingSHOP_facebook.png","width":900,"height":900,"caption":"design-ding SHOP"},"image":{"@id":"https:\/\/design-ding.de\/shop\/#\/schema\/logo\/image\/"},"sameAs":["https:\/\/www.facebook.com\/designding1\/","https:\/\/www.instagram.com\/erikjaegerschreinerei\/","https:\/\/www.pinterest.com\/erik_jaeger"]}]}},"_links":{"self":[{"href":"https:\/\/design-ding.de\/shop\/wp-json\/wp\/v2\/pages\/38","targetHints":{"allow":["GET"]}}],"collection":[{"href":"https:\/\/design-ding.de\/shop\/wp-json\/wp\/v2\/pages"}],"about":[{"href":"https:\/\/design-ding.de\/shop\/wp-json\/wp\/v2\/types\/page"}],"author":[{"embeddable":true,"href":"https:\/\/design-ding.de\/shop\/wp-json\/wp\/v2\/users\/1"}],"replies":[{"embeddable":true,"href":"https:\/\/design-ding.de\/shop\/wp-json\/wp\/v2\/comments?post=38"}],"version-history":[{"count":4,"href":"https:\/\/design-ding.de\/shop\/wp-json\/wp\/v2\/pages\/38\/revisions"}],"predecessor-version":[{"id":147,"href":"https:\/\/design-ding.de\/shop\/wp-json\/wp\/v2\/pages\/38\/revisions\/147"}],"wp:attachment":[{"href":"https:\/\/design-ding.de\/shop\/wp-json\/wp\/v2\/media?parent=38"}],"curies":[{"name":"wp","href":"https:\/\/api.w.org\/{rel}","templated":true}]}}