{"id":387,"date":"2016-06-21T08:25:33","date_gmt":"2016-06-21T08:25:33","guid":{"rendered":"http:\/\/design-ding.de\/?post_type=product&#038;p=387"},"modified":"2022-05-01T06:29:49","modified_gmt":"2022-05-01T06:29:49","slug":"bilderrahmen-planb-aus-zwetschgenholz","status":"publish","type":"product","link":"https:\/\/design-ding.de\/shop\/shop\/bilderrahmen-planb-aus-zwetschgenholz","title":{"rendered":"Bilderrahmen &#8220;Plan B.&#8221; aus Zwetschgenholz"},"content":{"rendered":"<p>Stylischer Bilderrahmen aus Zwetschgenholz.<\/p>\n<p>Hochwertig verarbeitet mit einer planen Vorderseite. Das Acrylglas ist fl\u00e4chenb\u00fcndig in den Rahmen integriert und sorgt so f\u00fcr das\u00a0aussergew\u00f6hnliche Design. Diese raffinierte Bauweise sieht nicht nur edel aus, sie\u00a0ist auch ausgesprochen pflegeleicht.\u00a0Bei herk\u00f6mmlichen Bilderrahmen\u00a0sammelt sich im\u00a0R\u00fccksprung zum Glas Staub, der regelm\u00e4\u00dfig\u00a0entfernt werden muss. Das kann bei diesem Modell nicht passieren. Ein R\u00fcckenloch dient wahlweise zur Aufnahme des mitgelieferten St\u00e4nders oder zum Aufh\u00e4ngen an der Wand.<\/p>\n<p>Ma\u00dfe:<br \/>\nAussenma\u00df 270 x 270mm<br \/>\nBildgr\u00f6\u00dfe 90 x 90mm<\/p>\n<p><img loading=\"lazy\" decoding=\"async\" class=\"alignnone wp-image-388 size-medium\" src=\"http:\/\/design-ding.de\/wp-content\/uploads\/2016\/06\/bilderrahmen-zwetschge-vorne-m-300x300.jpg\" alt=\"bilderrahmen-zwetschge-front\" width=\"300\" height=\"300\" srcset=\"https:\/\/design-ding.de\/wp-content\/uploads\/2016\/06\/bilderrahmen-zwetschge-vorne-m-300x300.jpg 300w, https:\/\/design-ding.de\/wp-content\/uploads\/2016\/06\/bilderrahmen-zwetschge-vorne-m-600x600.jpg 600w, https:\/\/design-ding.de\/wp-content\/uploads\/2016\/06\/bilderrahmen-zwetschge-vorne-m-100x100.jpg 100w, https:\/\/design-ding.de\/wp-content\/uploads\/2016\/06\/bilderrahmen-zwetschge-vorne-m-150x150.jpg 150w, https:\/\/design-ding.de\/wp-content\/uploads\/2016\/06\/bilderrahmen-zwetschge-vorne-m-768x768.jpg 768w, https:\/\/design-ding.de\/wp-content\/uploads\/2016\/06\/bilderrahmen-zwetschge-vorne-m-1024x1024.jpg 1024w, https:\/\/design-ding.de\/wp-content\/uploads\/2016\/06\/bilderrahmen-zwetschge-vorne-m.jpg 1425w\" sizes=\"auto, (max-width: 300px) 100vw, 300px\" \/>\u00a0 \u00a0<img loading=\"lazy\" decoding=\"async\" class=\"alignnone wp-image-399 size-medium\" src=\"http:\/\/design-ding.de\/wp-content\/uploads\/2016\/06\/bilderrahmen-zwetschge-side-176x300.jpg\" alt=\"bilderrahmen-zwetschge-side\" width=\"176\" height=\"300\" srcset=\"https:\/\/design-ding.de\/wp-content\/uploads\/2016\/06\/bilderrahmen-zwetschge-side-176x300.jpg 176w, https:\/\/design-ding.de\/wp-content\/uploads\/2016\/06\/bilderrahmen-zwetschge-side-600x1023.jpg 600w, https:\/\/design-ding.de\/wp-content\/uploads\/2016\/06\/bilderrahmen-zwetschge-side-768x1309.jpg 768w, https:\/\/design-ding.de\/wp-content\/uploads\/2016\/06\/bilderrahmen-zwetschge-side-601x1024.jpg 601w, https:\/\/design-ding.de\/wp-content\/uploads\/2016\/06\/bilderrahmen-zwetschge-side-scaled.jpg 1501w\" sizes=\"auto, (max-width: 176px) 100vw, 176px\" \/>\u00a0\u00a0\u00a0<img loading=\"lazy\" decoding=\"async\" class=\"alignnone size-medium wp-image-390\" src=\"http:\/\/design-ding.de\/wp-content\/uploads\/2016\/06\/bilderrahmen-zwetschge-hinten-m-1-300x300.jpg\" alt=\"bilderrahmen-zwetschge-back\" width=\"300\" height=\"300\" srcset=\"https:\/\/design-ding.de\/wp-content\/uploads\/2016\/06\/bilderrahmen-zwetschge-hinten-m-1-300x300.jpg 300w, https:\/\/design-ding.de\/wp-content\/uploads\/2016\/06\/bilderrahmen-zwetschge-hinten-m-1-600x600.jpg 600w, https:\/\/design-ding.de\/wp-content\/uploads\/2016\/06\/bilderrahmen-zwetschge-hinten-m-1-100x100.jpg 100w, https:\/\/design-ding.de\/wp-content\/uploads\/2016\/06\/bilderrahmen-zwetschge-hinten-m-1-150x150.jpg 150w, https:\/\/design-ding.de\/wp-content\/uploads\/2016\/06\/bilderrahmen-zwetschge-hinten-m-1-768x768.jpg 768w, https:\/\/design-ding.de\/wp-content\/uploads\/2016\/06\/bilderrahmen-zwetschge-hinten-m-1-1024x1024.jpg 1024w, https:\/\/design-ding.de\/wp-content\/uploads\/2016\/06\/bilderrahmen-zwetschge-hinten-m-1.jpg 1349w\" sizes=\"auto, (max-width: 300px) 100vw, 300px\" \/><\/p>\n<p>&nbsp;<\/p>\n","protected":false},"excerpt":{"rendered":"<p><em><\/em><\/p>\n","protected":false},"featured_media":391,"comment_status":"open","ping_status":"closed","template":"","meta":[],"product_brand":[],"product_cat":[23],"product_tag":[44,43],"class_list":{"0":"post-387","1":"product","2":"type-product","3":"status-publish","4":"has-post-thumbnail","6":"product_cat-accessoires","7":"product_tag-bilderrahmen","8":"product_tag-foto","9":"product_shipping_class-pauschale_planb","11":"first","12":"instock","13":"shipping-taxable","14":"purchasable","15":"product-type-simple"},"yoast_head":"<!-- This site is optimized with the Yoast SEO plugin v27.4 - https:\/\/yoast.com\/product\/yoast-seo-wordpress\/ -->\n<title>Bilderrahmen &quot;Plan B.&quot; aus Zwetschgenholz - design-ding.de<\/title>\n<meta name=\"description\" content=\"Bilderrahmen in sehr edlem Design. Durch sein fl\u00e4chenb\u00fcndiges Acrylglas wirkt der Bilderrahmen wie aus einem Guss und ist sehr pflegeleicht.\" \/>\n<meta name=\"robots\" content=\"index, follow, max-snippet:-1, max-image-preview:large, max-video-preview:-1\" \/>\n<link rel=\"canonical\" href=\"https:\/\/design-ding.de\/shop\/shop\/bilderrahmen-planb-aus-zwetschgenholz\" \/>\n<meta property=\"og:locale\" content=\"de_DE\" \/>\n<meta property=\"og:type\" content=\"article\" \/>\n<meta property=\"og:title\" content=\"Bilderrahmen &quot;Plan B.&quot; aus Zwetschgenholz - design-ding.de\" \/>\n<meta property=\"og:description\" content=\"Bilderrahmen in sehr edlem Design. Durch sein fl\u00e4chenb\u00fcndiges Acrylglas wirkt der Bilderrahmen wie aus einem Guss und ist sehr pflegeleicht.\" \/>\n<meta property=\"og:url\" content=\"https:\/\/design-ding.de\/shop\/shop\/bilderrahmen-planb-aus-zwetschgenholz\" \/>\n<meta property=\"og:site_name\" content=\"design-ding.de\" \/>\n<meta property=\"article:publisher\" content=\"https:\/\/www.facebook.com\/designding1\/\" \/>\n<meta property=\"article:modified_time\" content=\"2022-05-01T06:29:49+00:00\" \/>\n<meta property=\"og:image\" content=\"https:\/\/design-ding.de\/wp-content\/uploads\/2016\/06\/bilderrahmen-zwetschge-vorne-s.jpg\" \/>\n\t<meta property=\"og:image:width\" content=\"600\" \/>\n\t<meta property=\"og:image:height\" content=\"600\" \/>\n\t<meta property=\"og:image:type\" content=\"image\/jpeg\" \/>\n<meta name=\"twitter:card\" content=\"summary_large_image\" \/>\n<script type=\"application\/ld+json\" class=\"yoast-schema-graph\">{\"@context\":\"https:\\\/\\\/schema.org\",\"@graph\":[{\"@type\":\"WebPage\",\"@id\":\"https:\\\/\\\/design-ding.de\\\/shop\\\/shop\\\/bilderrahmen-planb-aus-zwetschgenholz\",\"url\":\"https:\\\/\\\/design-ding.de\\\/shop\\\/shop\\\/bilderrahmen-planb-aus-zwetschgenholz\",\"name\":\"Bilderrahmen \\\"Plan B.\\\" aus Zwetschgenholz - design-ding.de\",\"isPartOf\":{\"@id\":\"https:\\\/\\\/design-ding.de\\\/shop\\\/#website\"},\"primaryImageOfPage\":{\"@id\":\"https:\\\/\\\/design-ding.de\\\/shop\\\/shop\\\/bilderrahmen-planb-aus-zwetschgenholz#primaryimage\"},\"image\":{\"@id\":\"https:\\\/\\\/design-ding.de\\\/shop\\\/shop\\\/bilderrahmen-planb-aus-zwetschgenholz#primaryimage\"},\"thumbnailUrl\":\"https:\\\/\\\/design-ding.de\\\/wp-content\\\/uploads\\\/2016\\\/06\\\/bilderrahmen-zwetschge-vorne-s.jpg\",\"datePublished\":\"2016-06-21T08:25:33+00:00\",\"dateModified\":\"2022-05-01T06:29:49+00:00\",\"description\":\"Bilderrahmen in sehr edlem Design. Durch sein fl\u00e4chenb\u00fcndiges Acrylglas wirkt der Bilderrahmen wie aus einem Guss und ist sehr pflegeleicht.\",\"breadcrumb\":{\"@id\":\"https:\\\/\\\/design-ding.de\\\/shop\\\/shop\\\/bilderrahmen-planb-aus-zwetschgenholz#breadcrumb\"},\"inLanguage\":\"de\",\"potentialAction\":[{\"@type\":\"ReadAction\",\"target\":[\"https:\\\/\\\/design-ding.de\\\/shop\\\/shop\\\/bilderrahmen-planb-aus-zwetschgenholz\"]}]},{\"@type\":\"ImageObject\",\"inLanguage\":\"de\",\"@id\":\"https:\\\/\\\/design-ding.de\\\/shop\\\/shop\\\/bilderrahmen-planb-aus-zwetschgenholz#primaryimage\",\"url\":\"https:\\\/\\\/design-ding.de\\\/wp-content\\\/uploads\\\/2016\\\/06\\\/bilderrahmen-zwetschge-vorne-s.jpg\",\"contentUrl\":\"https:\\\/\\\/design-ding.de\\\/wp-content\\\/uploads\\\/2016\\\/06\\\/bilderrahmen-zwetschge-vorne-s.jpg\",\"width\":600,\"height\":600,\"caption\":\"bilderrahmen-zwetschge-pre\"},{\"@type\":\"BreadcrumbList\",\"@id\":\"https:\\\/\\\/design-ding.de\\\/shop\\\/shop\\\/bilderrahmen-planb-aus-zwetschgenholz#breadcrumb\",\"itemListElement\":[{\"@type\":\"ListItem\",\"position\":1,\"name\":\"Startseite\",\"item\":\"https:\\\/\\\/design-ding.de\\\/shop\\\/\"},{\"@type\":\"ListItem\",\"position\":2,\"name\":\"Shop\",\"item\":\"https:\\\/\\\/design-ding.de\\\/shop\\\/\"},{\"@type\":\"ListItem\",\"position\":3,\"name\":\"Bilderrahmen &#8220;Plan B.&#8221; aus Zwetschgenholz\"}]},{\"@type\":\"WebSite\",\"@id\":\"https:\\\/\\\/design-ding.de\\\/shop\\\/#website\",\"url\":\"https:\\\/\\\/design-ding.de\\\/shop\\\/\",\"name\":\"design-ding.de\",\"description\":\"ST\u00dcCK F\u00dcR ST\u00dcCK BESONDERS.\",\"publisher\":{\"@id\":\"https:\\\/\\\/design-ding.de\\\/shop\\\/#organization\"},\"potentialAction\":[{\"@type\":\"SearchAction\",\"target\":{\"@type\":\"EntryPoint\",\"urlTemplate\":\"https:\\\/\\\/design-ding.de\\\/shop\\\/?s={search_term_string}\"},\"query-input\":{\"@type\":\"PropertyValueSpecification\",\"valueRequired\":true,\"valueName\":\"search_term_string\"}}],\"inLanguage\":\"de\"},{\"@type\":\"Organization\",\"@id\":\"https:\\\/\\\/design-ding.de\\\/shop\\\/#organization\",\"name\":\"design-ding SHOP\",\"url\":\"https:\\\/\\\/design-ding.de\\\/shop\\\/\",\"logo\":{\"@type\":\"ImageObject\",\"inLanguage\":\"de\",\"@id\":\"https:\\\/\\\/design-ding.de\\\/shop\\\/#\\\/schema\\\/logo\\\/image\\\/\",\"url\":\"https:\\\/\\\/design-ding.de\\\/wp-content\\\/uploads\\\/2017\\\/07\\\/designdingSHOP_facebook.png\",\"contentUrl\":\"https:\\\/\\\/design-ding.de\\\/wp-content\\\/uploads\\\/2017\\\/07\\\/designdingSHOP_facebook.png\",\"width\":900,\"height\":900,\"caption\":\"design-ding SHOP\"},\"image\":{\"@id\":\"https:\\\/\\\/design-ding.de\\\/shop\\\/#\\\/schema\\\/logo\\\/image\\\/\"},\"sameAs\":[\"https:\\\/\\\/www.facebook.com\\\/designding1\\\/\",\"https:\\\/\\\/www.instagram.com\\\/erikjaegerschreinerei\\\/\",\"https:\\\/\\\/www.pinterest.com\\\/erik_jaeger\"]}]}<\/script>\n<!-- \/ Yoast SEO plugin. -->","yoast_head_json":{"title":"Bilderrahmen \"Plan B.\" aus Zwetschgenholz - design-ding.de","description":"Bilderrahmen in sehr edlem Design. Durch sein fl\u00e4chenb\u00fcndiges Acrylglas wirkt der Bilderrahmen wie aus einem Guss und ist sehr pflegeleicht.","robots":{"index":"index","follow":"follow","max-snippet":"max-snippet:-1","max-image-preview":"max-image-preview:large","max-video-preview":"max-video-preview:-1"},"canonical":"https:\/\/design-ding.de\/shop\/shop\/bilderrahmen-planb-aus-zwetschgenholz","og_locale":"de_DE","og_type":"article","og_title":"Bilderrahmen \"Plan B.\" aus Zwetschgenholz - design-ding.de","og_description":"Bilderrahmen in sehr edlem Design. Durch sein fl\u00e4chenb\u00fcndiges Acrylglas wirkt der Bilderrahmen wie aus einem Guss und ist sehr pflegeleicht.","og_url":"https:\/\/design-ding.de\/shop\/shop\/bilderrahmen-planb-aus-zwetschgenholz","og_site_name":"design-ding.de","article_publisher":"https:\/\/www.facebook.com\/designding1\/","article_modified_time":"2022-05-01T06:29:49+00:00","og_image":[{"width":600,"height":600,"url":"https:\/\/design-ding.de\/wp-content\/uploads\/2016\/06\/bilderrahmen-zwetschge-vorne-s.jpg","type":"image\/jpeg"}],"twitter_card":"summary_large_image","schema":{"@context":"https:\/\/schema.org","@graph":[{"@type":"WebPage","@id":"https:\/\/design-ding.de\/shop\/shop\/bilderrahmen-planb-aus-zwetschgenholz","url":"https:\/\/design-ding.de\/shop\/shop\/bilderrahmen-planb-aus-zwetschgenholz","name":"Bilderrahmen \"Plan B.\" aus Zwetschgenholz - design-ding.de","isPartOf":{"@id":"https:\/\/design-ding.de\/shop\/#website"},"primaryImageOfPage":{"@id":"https:\/\/design-ding.de\/shop\/shop\/bilderrahmen-planb-aus-zwetschgenholz#primaryimage"},"image":{"@id":"https:\/\/design-ding.de\/shop\/shop\/bilderrahmen-planb-aus-zwetschgenholz#primaryimage"},"thumbnailUrl":"https:\/\/design-ding.de\/wp-content\/uploads\/2016\/06\/bilderrahmen-zwetschge-vorne-s.jpg","datePublished":"2016-06-21T08:25:33+00:00","dateModified":"2022-05-01T06:29:49+00:00","description":"Bilderrahmen in sehr edlem Design. Durch sein fl\u00e4chenb\u00fcndiges Acrylglas wirkt der Bilderrahmen wie aus einem Guss und ist sehr pflegeleicht.","breadcrumb":{"@id":"https:\/\/design-ding.de\/shop\/shop\/bilderrahmen-planb-aus-zwetschgenholz#breadcrumb"},"inLanguage":"de","potentialAction":[{"@type":"ReadAction","target":["https:\/\/design-ding.de\/shop\/shop\/bilderrahmen-planb-aus-zwetschgenholz"]}]},{"@type":"ImageObject","inLanguage":"de","@id":"https:\/\/design-ding.de\/shop\/shop\/bilderrahmen-planb-aus-zwetschgenholz#primaryimage","url":"https:\/\/design-ding.de\/wp-content\/uploads\/2016\/06\/bilderrahmen-zwetschge-vorne-s.jpg","contentUrl":"https:\/\/design-ding.de\/wp-content\/uploads\/2016\/06\/bilderrahmen-zwetschge-vorne-s.jpg","width":600,"height":600,"caption":"bilderrahmen-zwetschge-pre"},{"@type":"BreadcrumbList","@id":"https:\/\/design-ding.de\/shop\/shop\/bilderrahmen-planb-aus-zwetschgenholz#breadcrumb","itemListElement":[{"@type":"ListItem","position":1,"name":"Startseite","item":"https:\/\/design-ding.de\/shop\/"},{"@type":"ListItem","position":2,"name":"Shop","item":"https:\/\/design-ding.de\/shop\/"},{"@type":"ListItem","position":3,"name":"Bilderrahmen &#8220;Plan B.&#8221; aus Zwetschgenholz"}]},{"@type":"WebSite","@id":"https:\/\/design-ding.de\/shop\/#website","url":"https:\/\/design-ding.de\/shop\/","name":"design-ding.de","description":"ST\u00dcCK F\u00dcR ST\u00dcCK BESONDERS.","publisher":{"@id":"https:\/\/design-ding.de\/shop\/#organization"},"potentialAction":[{"@type":"SearchAction","target":{"@type":"EntryPoint","urlTemplate":"https:\/\/design-ding.de\/shop\/?s={search_term_string}"},"query-input":{"@type":"PropertyValueSpecification","valueRequired":true,"valueName":"search_term_string"}}],"inLanguage":"de"},{"@type":"Organization","@id":"https:\/\/design-ding.de\/shop\/#organization","name":"design-ding SHOP","url":"https:\/\/design-ding.de\/shop\/","logo":{"@type":"ImageObject","inLanguage":"de","@id":"https:\/\/design-ding.de\/shop\/#\/schema\/logo\/image\/","url":"https:\/\/design-ding.de\/wp-content\/uploads\/2017\/07\/designdingSHOP_facebook.png","contentUrl":"https:\/\/design-ding.de\/wp-content\/uploads\/2017\/07\/designdingSHOP_facebook.png","width":900,"height":900,"caption":"design-ding SHOP"},"image":{"@id":"https:\/\/design-ding.de\/shop\/#\/schema\/logo\/image\/"},"sameAs":["https:\/\/www.facebook.com\/designding1\/","https:\/\/www.instagram.com\/erikjaegerschreinerei\/","https:\/\/www.pinterest.com\/erik_jaeger"]}]}},"_links":{"self":[{"href":"https:\/\/design-ding.de\/shop\/wp-json\/wp\/v2\/product\/387","targetHints":{"allow":["GET"]}}],"collection":[{"href":"https:\/\/design-ding.de\/shop\/wp-json\/wp\/v2\/product"}],"about":[{"href":"https:\/\/design-ding.de\/shop\/wp-json\/wp\/v2\/types\/product"}],"replies":[{"embeddable":true,"href":"https:\/\/design-ding.de\/shop\/wp-json\/wp\/v2\/comments?post=387"}],"wp:featuredmedia":[{"embeddable":true,"href":"https:\/\/design-ding.de\/shop\/wp-json\/wp\/v2\/media\/391"}],"wp:attachment":[{"href":"https:\/\/design-ding.de\/shop\/wp-json\/wp\/v2\/media?parent=387"}],"wp:term":[{"taxonomy":"product_brand","embeddable":true,"href":"https:\/\/design-ding.de\/shop\/wp-json\/wp\/v2\/product_brand?post=387"},{"taxonomy":"product_cat","embeddable":true,"href":"https:\/\/design-ding.de\/shop\/wp-json\/wp\/v2\/product_cat?post=387"},{"taxonomy":"product_tag","embeddable":true,"href":"https:\/\/design-ding.de\/shop\/wp-json\/wp\/v2\/product_tag?post=387"}],"curies":[{"name":"wp","href":"https:\/\/api.w.org\/{rel}","templated":true}]}}